{"id":3107,"date":"2024-07-27T14:08:58","date_gmt":"2024-07-27T14:08:58","guid":{"rendered":"https:\/\/centinela.com.uy\/?page_id=3107"},"modified":"2025-12-10T12:33:57","modified_gmt":"2025-12-10T12:33:57","slug":"elementor-3107","status":"publish","type":"page","link":"https:\/\/centinela.com.uy\/?page_id=3107","title":{"rendered":"Certificaciones"},"content":{"rendered":"\t\t<div data-elementor-type=\"wp-page\" data-elementor-id=\"3107\" class=\"elementor elementor-3107\">\n\t\t\t\t\t\t\t<div class=\"elementor-element elementor-element-004384d e-flex e-con-boxed e-con e-parent\" data-id=\"004384d\" data-element_type=\"container\" data-settings=\"{&quot;content_width&quot;:&quot;boxed&quot;}\" data-core-v316-plus=\"true\">\n\t\t\t\t\t<div class=\"e-con-inner\">\n\t\t\t\t<div class=\"elementor-element elementor-element-046766a elementor-widget elementor-widget-image\" data-id=\"046766a\" data-element_type=\"widget\" data-widget_type=\"image.default\">\n\t\t\t\t<div class=\"elementor-widget-container\">\n\t\t\t<style>\/*! elementor - v3.18.0 - 20-12-2023 *\/\n.elementor-widget-image{text-align:center}.elementor-widget-image a{display:inline-block}.elementor-widget-image a img[src$=\".svg\"]{width:48px}.elementor-widget-image img{vertical-align:middle;display:inline-block}<\/style>\t\t\t\t\t\t\t\t\t\t\t\t<img fetchpriority=\"high\" decoding=\"async\" width=\"3990\" height=\"1486\" src=\"https:\/\/centinela.com.uy\/wp-content\/uploads\/2025\/12\/Copia-de-CENTINELA-\u2013-BANNER-POLITICAS-1.png\" class=\"attachment-full size-full wp-image-3735\" alt=\"\" srcset=\"https:\/\/centinela.com.uy\/wp-content\/uploads\/2025\/12\/Copia-de-CENTINELA-\u2013-BANNER-POLITICAS-1.png 3990w, https:\/\/centinela.com.uy\/wp-content\/uploads\/2025\/12\/Copia-de-CENTINELA-\u2013-BANNER-POLITICAS-1-300x112.png 300w, https:\/\/centinela.com.uy\/wp-content\/uploads\/2025\/12\/Copia-de-CENTINELA-\u2013-BANNER-POLITICAS-1-1024x381.png 1024w, https:\/\/centinela.com.uy\/wp-content\/uploads\/2025\/12\/Copia-de-CENTINELA-\u2013-BANNER-POLITICAS-1-768x286.png 768w, https:\/\/centinela.com.uy\/wp-content\/uploads\/2025\/12\/Copia-de-CENTINELA-\u2013-BANNER-POLITICAS-1-1536x572.png 1536w, https:\/\/centinela.com.uy\/wp-content\/uploads\/2025\/12\/Copia-de-CENTINELA-\u2013-BANNER-POLITICAS-1-2048x763.png 2048w, https:\/\/centinela.com.uy\/wp-content\/uploads\/2025\/12\/Copia-de-CENTINELA-\u2013-BANNER-POLITICAS-1-1000x372.png 1000w, https:\/\/centinela.com.uy\/wp-content\/uploads\/2025\/12\/Copia-de-CENTINELA-\u2013-BANNER-POLITICAS-1-230x86.png 230w, https:\/\/centinela.com.uy\/wp-content\/uploads\/2025\/12\/Copia-de-CENTINELA-\u2013-BANNER-POLITICAS-1-350x130.png 350w, https:\/\/centinela.com.uy\/wp-content\/uploads\/2025\/12\/Copia-de-CENTINELA-\u2013-BANNER-POLITICAS-1-480x179.png 480w\" sizes=\"(max-width: 3990px) 100vw, 3990px\" \/>\t\t\t\t\t\t\t\t\t\t\t\t\t\t\t<\/div>\n\t\t\t\t<\/div>\n\t\t\t\t\t<\/div>\n\t\t\t\t<\/div>\n\t\t<div class=\"elementor-element elementor-element-29c0857 e-flex e-con-boxed e-con e-parent\" data-id=\"29c0857\" data-element_type=\"container\" data-settings=\"{&quot;content_width&quot;:&quot;boxed&quot;}\" data-core-v316-plus=\"true\">\n\t\t\t\t\t<div class=\"e-con-inner\">\n\t\t\t\t<div class=\"elementor-element elementor-element-f0b9fce elementor-widget-divider--view-line elementor-widget elementor-widget-divider\" data-id=\"f0b9fce\" data-element_type=\"widget\" data-widget_type=\"divider.default\">\n\t\t\t\t<div class=\"elementor-widget-container\">\n\t\t\t<style>\/*! elementor - v3.18.0 - 20-12-2023 *\/\n.elementor-widget-divider{--divider-border-style:none;--divider-border-width:1px;--divider-color:#0c0d0e;--divider-icon-size:20px;--divider-element-spacing:10px;--divider-pattern-height:24px;--divider-pattern-size:20px;--divider-pattern-url:none;--divider-pattern-repeat:repeat-x}.elementor-widget-divider .elementor-divider{display:flex}.elementor-widget-divider .elementor-divider__text{font-size:15px;line-height:1;max-width:95%}.elementor-widget-divider .elementor-divider__element{margin:0 var(--divider-element-spacing);flex-shrink:0}.elementor-widget-divider .elementor-icon{font-size:var(--divider-icon-size)}.elementor-widget-divider .elementor-divider-separator{display:flex;margin:0;direction:ltr}.elementor-widget-divider--view-line_icon .elementor-divider-separator,.elementor-widget-divider--view-line_text .elementor-divider-separator{align-items:center}.elementor-widget-divider--view-line_icon .elementor-divider-separator:after,.elementor-widget-divider--view-line_icon .elementor-divider-separator:before,.elementor-widget-divider--view-line_text .elementor-divider-separator:after,.elementor-widget-divider--view-line_text .elementor-divider-separator:before{display:block;content:\"\";border-bottom:0;flex-grow:1;border-top:var(--divider-border-width) var(--divider-border-style) var(--divider-color)}.elementor-widget-divider--element-align-left .elementor-divider .elementor-divider-separator>.elementor-divider__svg:first-of-type{flex-grow:0;flex-shrink:100}.elementor-widget-divider--element-align-left .elementor-divider-separator:before{content:none}.elementor-widget-divider--element-align-left .elementor-divider__element{margin-left:0}.elementor-widget-divider--element-align-right .elementor-divider .elementor-divider-separator>.elementor-divider__svg:last-of-type{flex-grow:0;flex-shrink:100}.elementor-widget-divider--element-align-right .elementor-divider-separator:after{content:none}.elementor-widget-divider--element-align-right .elementor-divider__element{margin-right:0}.elementor-widget-divider:not(.elementor-widget-divider--view-line_text):not(.elementor-widget-divider--view-line_icon) .elementor-divider-separator{border-top:var(--divider-border-width) var(--divider-border-style) var(--divider-color)}.elementor-widget-divider--separator-type-pattern{--divider-border-style:none}.elementor-widget-divider--separator-type-pattern.elementor-widget-divider--view-line .elementor-divider-separator,.elementor-widget-divider--separator-type-pattern:not(.elementor-widget-divider--view-line) .elementor-divider-separator:after,.elementor-widget-divider--separator-type-pattern:not(.elementor-widget-divider--view-line) .elementor-divider-separator:before,.elementor-widget-divider--separator-type-pattern:not([class*=elementor-widget-divider--view]) .elementor-divider-separator{width:100%;min-height:var(--divider-pattern-height);-webkit-mask-size:var(--divider-pattern-size) 100%;mask-size:var(--divider-pattern-size) 100%;-webkit-mask-repeat:var(--divider-pattern-repeat);mask-repeat:var(--divider-pattern-repeat);background-color:var(--divider-color);-webkit-mask-image:var(--divider-pattern-url);mask-image:var(--divider-pattern-url)}.elementor-widget-divider--no-spacing{--divider-pattern-size:auto}.elementor-widget-divider--bg-round{--divider-pattern-repeat:round}.rtl .elementor-widget-divider .elementor-divider__text{direction:rtl}.e-con-inner>.elementor-widget-divider,.e-con>.elementor-widget-divider{width:var(--container-widget-width,100%);--flex-grow:var(--container-widget-flex-grow)}<\/style>\t\t<div class=\"elementor-divider\">\n\t\t\t<span class=\"elementor-divider-separator\">\n\t\t\t\t\t\t<\/span>\n\t\t<\/div>\n\t\t\t\t<\/div>\n\t\t\t\t<\/div>\n\t\t\t\t<div class=\"elementor-element elementor-element-08c39f2 elementor-widget elementor-widget-text-editor\" data-id=\"08c39f2\" data-element_type=\"widget\" data-widget_type=\"text-editor.default\">\n\t\t\t\t<div class=\"elementor-widget-container\">\n\t\t\t<style>\/*! elementor - v3.18.0 - 20-12-2023 *\/\n.elementor-widget-text-editor.elementor-drop-cap-view-stacked .elementor-drop-cap{background-color:#69727d;color:#fff}.elementor-widget-text-editor.elementor-drop-cap-view-framed .elementor-drop-cap{color:#69727d;border:3px solid;background-color:transparent}.elementor-widget-text-editor:not(.elementor-drop-cap-view-default) .elementor-drop-cap{margin-top:8px}.elementor-widget-text-editor:not(.elementor-drop-cap-view-default) .elementor-drop-cap-letter{width:1em;height:1em}.elementor-widget-text-editor .elementor-drop-cap{float:left;text-align:center;line-height:1;font-size:50px}.elementor-widget-text-editor .elementor-drop-cap-letter{display:inline-block}<\/style>\t\t\t\t<p>Estas<strong> pol\u00edticas<\/strong> son esenciales para establecer un marco claro, consistente y \u00e9tico para la toma de decisiones y la operaci\u00f3n diaria.<\/p>\t\t\t\t\t\t<\/div>\n\t\t\t\t<\/div>\n\t\t\t\t\t<\/div>\n\t\t\t\t<\/div>\n\t\t<div class=\"elementor-element elementor-element-cd0ef8c e-flex e-con-boxed e-con e-parent\" data-id=\"cd0ef8c\" data-element_type=\"container\" data-settings=\"{&quot;content_width&quot;:&quot;boxed&quot;}\" data-core-v316-plus=\"true\">\n\t\t\t\t\t<div class=\"e-con-inner\">\n\t\t<div class=\"elementor-element elementor-element-4e0ffe7 e-con-full e-flex e-con e-child\" data-id=\"4e0ffe7\" data-element_type=\"container\" data-settings=\"{&quot;content_width&quot;:&quot;full&quot;}\">\n\t\t\t\t<div class=\"elementor-element elementor-element-e98aa0e elementor-widget elementor-widget-image\" data-id=\"e98aa0e\" data-element_type=\"widget\" data-widget_type=\"image.default\">\n\t\t\t\t<div class=\"elementor-widget-container\">\n\t\t\t\t\t\t\t\t\t\t\t\t\t\t\t<img decoding=\"async\" width=\"1729\" height=\"432\" src=\"https:\/\/centinela.com.uy\/wp-content\/uploads\/2025\/12\/Copia-de-INSIGNIAS-06.png\" class=\"attachment-full size-full wp-image-3736\" alt=\"\" srcset=\"https:\/\/centinela.com.uy\/wp-content\/uploads\/2025\/12\/Copia-de-INSIGNIAS-06.png 1729w, https:\/\/centinela.com.uy\/wp-content\/uploads\/2025\/12\/Copia-de-INSIGNIAS-06-300x75.png 300w, https:\/\/centinela.com.uy\/wp-content\/uploads\/2025\/12\/Copia-de-INSIGNIAS-06-1024x256.png 1024w, https:\/\/centinela.com.uy\/wp-content\/uploads\/2025\/12\/Copia-de-INSIGNIAS-06-768x192.png 768w, https:\/\/centinela.com.uy\/wp-content\/uploads\/2025\/12\/Copia-de-INSIGNIAS-06-1536x384.png 1536w, https:\/\/centinela.com.uy\/wp-content\/uploads\/2025\/12\/Copia-de-INSIGNIAS-06-1000x250.png 1000w, https:\/\/centinela.com.uy\/wp-content\/uploads\/2025\/12\/Copia-de-INSIGNIAS-06-230x57.png 230w, https:\/\/centinela.com.uy\/wp-content\/uploads\/2025\/12\/Copia-de-INSIGNIAS-06-350x87.png 350w, https:\/\/centinela.com.uy\/wp-content\/uploads\/2025\/12\/Copia-de-INSIGNIAS-06-480x120.png 480w\" sizes=\"(max-width: 1729px) 100vw, 1729px\" \/>\t\t\t\t\t\t\t\t\t\t\t\t\t\t\t<\/div>\n\t\t\t\t<\/div>\n\t\t\t\t<div class=\"elementor-element elementor-element-1fe3ed7 elementor-button-success elementor-align-left elementor-widget elementor-widget-button\" data-id=\"1fe3ed7\" data-element_type=\"widget\" data-widget_type=\"button.default\">\n\t\t\t\t<div class=\"elementor-widget-container\">\n\t\t\t\t\t<div class=\"elementor-button-wrapper\">\n\t\t\t<a class=\"elementor-button elementor-button-link elementor-size-sm\" href=\"https:\/\/centinela.com.uy\/wp-content\/uploads\/2025\/12\/ANEXO-XXXVI-DECLARACION-DE-CONFORMIDAD-V1.docx\">\n\t\t\t\t\t\t<span class=\"elementor-button-content-wrapper\">\n\t\t\t\t\t\t<span class=\"elementor-button-text\"><b>DESCARGAR AQU\u00cd <\/b>\/ Anexo XXXVI. <\/span>\n\t\t<\/span>\n\t\t\t\t\t<\/a>\n\t\t<\/div>\n\t\t\t\t<\/div>\n\t\t\t\t<\/div>\n\t\t\t\t<\/div>\n\t\t<div class=\"elementor-element elementor-element-853e900 e-con-full e-flex e-con e-child\" data-id=\"853e900\" data-element_type=\"container\" data-settings=\"{&quot;content_width&quot;:&quot;full&quot;}\">\n\t\t\t\t<div class=\"elementor-element elementor-element-75c440d elementor-widget elementor-widget-image\" data-id=\"75c440d\" data-element_type=\"widget\" data-widget_type=\"image.default\">\n\t\t\t\t<div class=\"elementor-widget-container\">\n\t\t\t\t\t\t\t\t\t\t\t\t\t\t\t<img decoding=\"async\" width=\"1729\" height=\"432\" src=\"https:\/\/centinela.com.uy\/wp-content\/uploads\/2025\/12\/Copia-de-INSIGNIAS-05.png\" class=\"attachment-full size-full wp-image-3739\" alt=\"\" srcset=\"https:\/\/centinela.com.uy\/wp-content\/uploads\/2025\/12\/Copia-de-INSIGNIAS-05.png 1729w, https:\/\/centinela.com.uy\/wp-content\/uploads\/2025\/12\/Copia-de-INSIGNIAS-05-300x75.png 300w, https:\/\/centinela.com.uy\/wp-content\/uploads\/2025\/12\/Copia-de-INSIGNIAS-05-1024x256.png 1024w, https:\/\/centinela.com.uy\/wp-content\/uploads\/2025\/12\/Copia-de-INSIGNIAS-05-768x192.png 768w, https:\/\/centinela.com.uy\/wp-content\/uploads\/2025\/12\/Copia-de-INSIGNIAS-05-1536x384.png 1536w, https:\/\/centinela.com.uy\/wp-content\/uploads\/2025\/12\/Copia-de-INSIGNIAS-05-1000x250.png 1000w, https:\/\/centinela.com.uy\/wp-content\/uploads\/2025\/12\/Copia-de-INSIGNIAS-05-230x57.png 230w, https:\/\/centinela.com.uy\/wp-content\/uploads\/2025\/12\/Copia-de-INSIGNIAS-05-350x87.png 350w, https:\/\/centinela.com.uy\/wp-content\/uploads\/2025\/12\/Copia-de-INSIGNIAS-05-480x120.png 480w\" sizes=\"(max-width: 1729px) 100vw, 1729px\" \/>\t\t\t\t\t\t\t\t\t\t\t\t\t\t\t<\/div>\n\t\t\t\t<\/div>\n\t\t\t\t<div class=\"elementor-element elementor-element-7629ab4 elementor-button-success elementor-align-left elementor-widget elementor-widget-button\" data-id=\"7629ab4\" data-element_type=\"widget\" data-widget_type=\"button.default\">\n\t\t\t\t<div class=\"elementor-widget-container\">\n\t\t\t\t\t<div class=\"elementor-button-wrapper\">\n\t\t\t<a class=\"elementor-button elementor-button-link elementor-size-sm\" href=\"https:\/\/centinela.com.uy\/wp-content\/uploads\/2025\/12\/ANEXO-XXXVIII-USO-DE-LA-FUERZA-V1.docx\">\n\t\t\t\t\t\t<span class=\"elementor-button-content-wrapper\">\n\t\t\t\t\t\t<span class=\"elementor-button-text\"><b>DESCARGAR AQU\u00cd <\/b> \/ Anexo XXXVIII.<\/span>\n\t\t<\/span>\n\t\t\t\t\t<\/a>\n\t\t<\/div>\n\t\t\t\t<\/div>\n\t\t\t\t<\/div>\n\t\t\t\t<\/div>\n\t\t<div class=\"elementor-element elementor-element-d629c83 e-con-full e-flex e-con e-child\" data-id=\"d629c83\" data-element_type=\"container\" data-settings=\"{&quot;content_width&quot;:&quot;full&quot;}\">\n\t\t\t\t<div class=\"elementor-element elementor-element-84b2011 elementor-widget elementor-widget-image\" data-id=\"84b2011\" data-element_type=\"widget\" data-widget_type=\"image.default\">\n\t\t\t\t<div class=\"elementor-widget-container\">\n\t\t\t\t\t\t\t\t\t\t\t\t\t\t\t<img loading=\"lazy\" decoding=\"async\" width=\"1729\" height=\"432\" src=\"https:\/\/centinela.com.uy\/wp-content\/uploads\/2025\/12\/Copia-de-INSIGNIAS-07.png\" class=\"attachment-full size-full wp-image-3737\" alt=\"\" srcset=\"https:\/\/centinela.com.uy\/wp-content\/uploads\/2025\/12\/Copia-de-INSIGNIAS-07.png 1729w, https:\/\/centinela.com.uy\/wp-content\/uploads\/2025\/12\/Copia-de-INSIGNIAS-07-300x75.png 300w, https:\/\/centinela.com.uy\/wp-content\/uploads\/2025\/12\/Copia-de-INSIGNIAS-07-1024x256.png 1024w, https:\/\/centinela.com.uy\/wp-content\/uploads\/2025\/12\/Copia-de-INSIGNIAS-07-768x192.png 768w, https:\/\/centinela.com.uy\/wp-content\/uploads\/2025\/12\/Copia-de-INSIGNIAS-07-1536x384.png 1536w, https:\/\/centinela.com.uy\/wp-content\/uploads\/2025\/12\/Copia-de-INSIGNIAS-07-1000x250.png 1000w, https:\/\/centinela.com.uy\/wp-content\/uploads\/2025\/12\/Copia-de-INSIGNIAS-07-230x57.png 230w, https:\/\/centinela.com.uy\/wp-content\/uploads\/2025\/12\/Copia-de-INSIGNIAS-07-350x87.png 350w, https:\/\/centinela.com.uy\/wp-content\/uploads\/2025\/12\/Copia-de-INSIGNIAS-07-480x120.png 480w\" sizes=\"(max-width: 1729px) 100vw, 1729px\" \/>\t\t\t\t\t\t\t\t\t\t\t\t\t\t\t<\/div>\n\t\t\t\t<\/div>\n\t\t\t\t<div class=\"elementor-element elementor-element-7042711 elementor-button-success elementor-align-left elementor-widget elementor-widget-button\" data-id=\"7042711\" data-element_type=\"widget\" data-widget_type=\"button.default\">\n\t\t\t\t<div class=\"elementor-widget-container\">\n\t\t\t\t\t<div class=\"elementor-button-wrapper\">\n\t\t\t<a class=\"elementor-button elementor-button-link elementor-size-sm\" href=\"https:\/\/centinela.com.uy\/wp-content\/uploads\/2024\/07\/ANEXO-XXXVII-CODIGO-DE-ETICA-V1.pdf\">\n\t\t\t\t\t\t<span class=\"elementor-button-content-wrapper\">\n\t\t\t\t\t\t<span class=\"elementor-button-text\"><b>DESCARGAR AQU\u00cd <\/b> \/ Anexo XXXVII. <\/span>\n\t\t<\/span>\n\t\t\t\t\t<\/a>\n\t\t<\/div>\n\t\t\t\t<\/div>\n\t\t\t\t<\/div>\n\t\t\t\t<\/div>\n\t\t<div class=\"elementor-element elementor-element-76ba3e4 e-con-full e-flex e-con e-child\" data-id=\"76ba3e4\" data-element_type=\"container\" data-settings=\"{&quot;content_width&quot;:&quot;full&quot;}\">\n\t\t\t\t<div class=\"elementor-element elementor-element-b3fdb25 elementor-widget__width-initial elementor-widget elementor-widget-image\" data-id=\"b3fdb25\" data-element_type=\"widget\" data-widget_type=\"image.default\">\n\t\t\t\t<div class=\"elementor-widget-container\">\n\t\t\t\t\t\t\t\t\t\t\t\t\t\t\t<img loading=\"lazy\" decoding=\"async\" width=\"137\" height=\"137\" src=\"https:\/\/centinela.com.uy\/wp-content\/uploads\/2025\/12\/cetific.png\" class=\"attachment-thumbnail size-thumbnail wp-image-3810\" alt=\"\" \/>\t\t\t\t\t\t\t\t\t\t\t\t\t\t\t<\/div>\n\t\t\t\t<\/div>\n\t\t\t\t<div class=\"elementor-element elementor-element-1137ba6 elementor-button-success elementor-align-left elementor-widget elementor-widget-button\" data-id=\"1137ba6\" data-element_type=\"widget\" data-widget_type=\"button.default\">\n\t\t\t\t<div class=\"elementor-widget-container\">\n\t\t\t\t\t<div class=\"elementor-button-wrapper\">\n\t\t\t<a class=\"elementor-button elementor-button-link elementor-size-sm\" href=\"https:\/\/centinela.com.uy\/wp-content\/uploads\/2025\/12\/Certificado-FCR-Centinela-9001-CRM-scaled.jpg\">\n\t\t\t\t\t\t<span class=\"elementor-button-content-wrapper\">\n\t\t\t\t\t\t<span class=\"elementor-button-text\"><b>DESCARGAR AQU\u00cd <\/b> \/ Sistema de Certificaciones. <\/span>\n\t\t<\/span>\n\t\t\t\t\t<\/a>\n\t\t<\/div>\n\t\t\t\t<\/div>\n\t\t\t\t<\/div>\n\t\t\t\t<\/div>\n\t\t\t\t\t<\/div>\n\t\t\t\t<\/div>\n\t\t<div class=\"elementor-element elementor-element-c4d4208 e-flex e-con-boxed e-con e-parent\" data-id=\"c4d4208\" data-element_type=\"container\" data-settings=\"{&quot;content_width&quot;:&quot;boxed&quot;}\" data-core-v316-plus=\"true\">\n\t\t\t\t\t<div class=\"e-con-inner\">\n\t\t\t\t\t<\/div>\n\t\t\t\t<\/div>\n\t\t\t\t\t\t\t<\/div>\n\t\t","protected":false},"excerpt":{"rendered":"<p>Estas pol\u00edticas son esenciales para establecer un marco claro, consistente y \u00e9tico para la toma de decisiones y la operaci\u00f3n diaria. DESCARGAR [&hellip;]<\/p>\n","protected":false},"author":2,"featured_media":0,"parent":0,"menu_order":0,"comment_status":"closed","ping_status":"closed","template":"","meta":{"_monsterinsights_skip_tracking":false,"_monsterinsights_sitenote_active":false,"_monsterinsights_sitenote_note":"","_monsterinsights_sitenote_category":0,"footnotes":"","_joinchat":[]},"aioseo_notices":[],"_links":{"self":[{"href":"https:\/\/centinela.com.uy\/index.php?rest_route=\/wp\/v2\/pages\/3107"}],"collection":[{"href":"https:\/\/centinela.com.uy\/index.php?rest_route=\/wp\/v2\/pages"}],"about":[{"href":"https:\/\/centinela.com.uy\/index.php?rest_route=\/wp\/v2\/types\/page"}],"author":[{"embeddable":true,"href":"https:\/\/centinela.com.uy\/index.php?rest_route=\/wp\/v2\/users\/2"}],"replies":[{"embeddable":true,"href":"https:\/\/centinela.com.uy\/index.php?rest_route=%2Fwp%2Fv2%2Fcomments&post=3107"}],"version-history":[{"count":190,"href":"https:\/\/centinela.com.uy\/index.php?rest_route=\/wp\/v2\/pages\/3107\/revisions"}],"predecessor-version":[{"id":3879,"href":"https:\/\/centinela.com.uy\/index.php?rest_route=\/wp\/v2\/pages\/3107\/revisions\/3879"}],"wp:attachment":[{"href":"https:\/\/centinela.com.uy\/index.php?rest_route=%2Fwp%2Fv2%2Fmedia&parent=3107"}],"curies":[{"name":"wp","href":"https:\/\/api.w.org\/{rel}","templated":true}]}}