{"id":386,"date":"2023-10-16T13:12:47","date_gmt":"2023-10-16T13:12:47","guid":{"rendered":"http:\/\/centinela.com.uy\/?page_id=386"},"modified":"2024-08-28T23:25:59","modified_gmt":"2024-08-28T23:25:59","slug":"camaras","status":"publish","type":"page","link":"https:\/\/centinela.com.uy\/?page_id=386","title":{"rendered":"Tecnolog\u00eda"},"content":{"rendered":"\t\t<div data-elementor-type=\"wp-page\" data-elementor-id=\"386\" class=\"elementor elementor-386\">\n\t\t\t\t\t\t\t<div class=\"elementor-element elementor-element-0aaca30 e-flex e-con-boxed e-con e-parent\" data-id=\"0aaca30\" data-element_type=\"container\" data-settings=\"{&quot;content_width&quot;:&quot;boxed&quot;}\" data-core-v316-plus=\"true\">\n\t\t\t\t\t<div class=\"e-con-inner\">\n\t\t\t\t<div class=\"elementor-element elementor-element-8508b05 elementor-widget elementor-widget-heading\" data-id=\"8508b05\" data-element_type=\"widget\" data-widget_type=\"heading.default\">\n\t\t\t\t<div class=\"elementor-widget-container\">\n\t\t\t<style>\/*! elementor - v3.18.0 - 20-12-2023 *\/\n.elementor-heading-title{padding:0;margin:0;line-height:1}.elementor-widget-heading .elementor-heading-title[class*=elementor-size-]>a{color:inherit;font-size:inherit;line-height:inherit}.elementor-widget-heading .elementor-heading-title.elementor-size-small{font-size:15px}.elementor-widget-heading .elementor-heading-title.elementor-size-medium{font-size:19px}.elementor-widget-heading .elementor-heading-title.elementor-size-large{font-size:29px}.elementor-widget-heading .elementor-heading-title.elementor-size-xl{font-size:39px}.elementor-widget-heading .elementor-heading-title.elementor-size-xxl{font-size:59px}<\/style><h2 class=\"elementor-heading-title elementor-size-default\">C\u00c1MARAS DE SEGURIDAD<\/h2>\t\t<\/div>\n\t\t\t\t<\/div>\n\t\t\t\t\t<\/div>\n\t\t\t\t<\/div>\n\t\t<div class=\"elementor-element elementor-element-202e8c0 e-flex e-con-boxed e-con e-parent\" data-id=\"202e8c0\" data-element_type=\"container\" data-settings=\"{&quot;content_width&quot;:&quot;boxed&quot;}\" data-core-v316-plus=\"true\">\n\t\t\t\t\t<div class=\"e-con-inner\">\n\t\t\t\t<div class=\"elementor-element elementor-element-d65f5cb elementor-widget-divider--view-line elementor-widget elementor-widget-divider\" data-id=\"d65f5cb\" data-element_type=\"widget\" data-widget_type=\"divider.default\">\n\t\t\t\t<div class=\"elementor-widget-container\">\n\t\t\t<style>\/*! elementor - v3.18.0 - 20-12-2023 *\/\n.elementor-widget-divider{--divider-border-style:none;--divider-border-width:1px;--divider-color:#0c0d0e;--divider-icon-size:20px;--divider-element-spacing:10px;--divider-pattern-height:24px;--divider-pattern-size:20px;--divider-pattern-url:none;--divider-pattern-repeat:repeat-x}.elementor-widget-divider .elementor-divider{display:flex}.elementor-widget-divider .elementor-divider__text{font-size:15px;line-height:1;max-width:95%}.elementor-widget-divider .elementor-divider__element{margin:0 var(--divider-element-spacing);flex-shrink:0}.elementor-widget-divider .elementor-icon{font-size:var(--divider-icon-size)}.elementor-widget-divider .elementor-divider-separator{display:flex;margin:0;direction:ltr}.elementor-widget-divider--view-line_icon .elementor-divider-separator,.elementor-widget-divider--view-line_text .elementor-divider-separator{align-items:center}.elementor-widget-divider--view-line_icon .elementor-divider-separator:after,.elementor-widget-divider--view-line_icon .elementor-divider-separator:before,.elementor-widget-divider--view-line_text .elementor-divider-separator:after,.elementor-widget-divider--view-line_text .elementor-divider-separator:before{display:block;content:\"\";border-bottom:0;flex-grow:1;border-top:var(--divider-border-width) var(--divider-border-style) var(--divider-color)}.elementor-widget-divider--element-align-left .elementor-divider .elementor-divider-separator>.elementor-divider__svg:first-of-type{flex-grow:0;flex-shrink:100}.elementor-widget-divider--element-align-left .elementor-divider-separator:before{content:none}.elementor-widget-divider--element-align-left .elementor-divider__element{margin-left:0}.elementor-widget-divider--element-align-right .elementor-divider .elementor-divider-separator>.elementor-divider__svg:last-of-type{flex-grow:0;flex-shrink:100}.elementor-widget-divider--element-align-right .elementor-divider-separator:after{content:none}.elementor-widget-divider--element-align-right .elementor-divider__element{margin-right:0}.elementor-widget-divider:not(.elementor-widget-divider--view-line_text):not(.elementor-widget-divider--view-line_icon) .elementor-divider-separator{border-top:var(--divider-border-width) var(--divider-border-style) var(--divider-color)}.elementor-widget-divider--separator-type-pattern{--divider-border-style:none}.elementor-widget-divider--separator-type-pattern.elementor-widget-divider--view-line .elementor-divider-separator,.elementor-widget-divider--separator-type-pattern:not(.elementor-widget-divider--view-line) .elementor-divider-separator:after,.elementor-widget-divider--separator-type-pattern:not(.elementor-widget-divider--view-line) .elementor-divider-separator:before,.elementor-widget-divider--separator-type-pattern:not([class*=elementor-widget-divider--view]) .elementor-divider-separator{width:100%;min-height:var(--divider-pattern-height);-webkit-mask-size:var(--divider-pattern-size) 100%;mask-size:var(--divider-pattern-size) 100%;-webkit-mask-repeat:var(--divider-pattern-repeat);mask-repeat:var(--divider-pattern-repeat);background-color:var(--divider-color);-webkit-mask-image:var(--divider-pattern-url);mask-image:var(--divider-pattern-url)}.elementor-widget-divider--no-spacing{--divider-pattern-size:auto}.elementor-widget-divider--bg-round{--divider-pattern-repeat:round}.rtl .elementor-widget-divider .elementor-divider__text{direction:rtl}.e-con-inner>.elementor-widget-divider,.e-con>.elementor-widget-divider{width:var(--container-widget-width,100%);--flex-grow:var(--container-widget-flex-grow)}<\/style>\t\t<div class=\"elementor-divider\">\n\t\t\t<span class=\"elementor-divider-separator\">\n\t\t\t\t\t\t<\/span>\n\t\t<\/div>\n\t\t\t\t<\/div>\n\t\t\t\t<\/div>\n\t\t\t\t\t<\/div>\n\t\t\t\t<\/div>\n\t\t<div class=\"elementor-element elementor-element-2e2a9de e-flex e-con-boxed e-con e-parent\" data-id=\"2e2a9de\" data-element_type=\"container\" data-settings=\"{&quot;content_width&quot;:&quot;boxed&quot;}\" data-core-v316-plus=\"true\">\n\t\t\t\t\t<div class=\"e-con-inner\">\n\t\t\t\t<div class=\"elementor-element elementor-element-7828788 elementor-widget elementor-widget-image\" data-id=\"7828788\" data-element_type=\"widget\" data-widget_type=\"image.default\">\n\t\t\t\t<div class=\"elementor-widget-container\">\n\t\t\t<style>\/*! elementor - v3.18.0 - 20-12-2023 *\/\n.elementor-widget-image{text-align:center}.elementor-widget-image a{display:inline-block}.elementor-widget-image a img[src$=\".svg\"]{width:48px}.elementor-widget-image img{vertical-align:middle;display:inline-block}<\/style>\t\t\t\t\t\t\t\t\t\t\t\t<img fetchpriority=\"high\" decoding=\"async\" width=\"1024\" height=\"373\" src=\"https:\/\/centinela.com.uy\/wp-content\/uploads\/2023\/11\/MONITOR-1024x373.png\" class=\"attachment-large size-large wp-image-2706\" alt=\"\" srcset=\"https:\/\/centinela.com.uy\/wp-content\/uploads\/2023\/11\/MONITOR-1024x373.png 1024w, https:\/\/centinela.com.uy\/wp-content\/uploads\/2023\/11\/MONITOR-300x109.png 300w, https:\/\/centinela.com.uy\/wp-content\/uploads\/2023\/11\/MONITOR-768x280.png 768w, https:\/\/centinela.com.uy\/wp-content\/uploads\/2023\/11\/MONITOR-1536x560.png 1536w, https:\/\/centinela.com.uy\/wp-content\/uploads\/2023\/11\/MONITOR-1000x365.png 1000w, https:\/\/centinela.com.uy\/wp-content\/uploads\/2023\/11\/MONITOR-230x84.png 230w, https:\/\/centinela.com.uy\/wp-content\/uploads\/2023\/11\/MONITOR-350x128.png 350w, https:\/\/centinela.com.uy\/wp-content\/uploads\/2023\/11\/MONITOR-480x175.png 480w, https:\/\/centinela.com.uy\/wp-content\/uploads\/2023\/11\/MONITOR.png 1920w\" sizes=\"(max-width: 1024px) 100vw, 1024px\" \/>\t\t\t\t\t\t\t\t\t\t\t\t\t\t\t<\/div>\n\t\t\t\t<\/div>\n\t\t\t\t\t<\/div>\n\t\t\t\t<\/div>\n\t\t<div class=\"elementor-element elementor-element-6e9162a e-flex e-con-boxed e-con e-parent\" data-id=\"6e9162a\" data-element_type=\"container\" data-settings=\"{&quot;content_width&quot;:&quot;boxed&quot;}\" data-core-v316-plus=\"true\">\n\t\t\t\t\t<div class=\"e-con-inner\">\n\t\t\t\t<div class=\"elementor-element elementor-element-35aa724 elementor-widget elementor-widget-image\" data-id=\"35aa724\" data-element_type=\"widget\" data-widget_type=\"image.default\">\n\t\t\t\t<div class=\"elementor-widget-container\">\n\t\t\t\t\t\t\t\t\t\t\t\t\t\t\t<img decoding=\"async\" width=\"1920\" height=\"156\" src=\"https:\/\/centinela.com.uy\/wp-content\/uploads\/2023\/11\/logoen-blanco.png\" class=\"attachment-2048x2048 size-2048x2048 wp-image-2521\" alt=\"\" srcset=\"https:\/\/centinela.com.uy\/wp-content\/uploads\/2023\/11\/logoen-blanco.png 1920w, https:\/\/centinela.com.uy\/wp-content\/uploads\/2023\/11\/logoen-blanco-300x24.png 300w, https:\/\/centinela.com.uy\/wp-content\/uploads\/2023\/11\/logoen-blanco-1024x83.png 1024w, https:\/\/centinela.com.uy\/wp-content\/uploads\/2023\/11\/logoen-blanco-768x62.png 768w, https:\/\/centinela.com.uy\/wp-content\/uploads\/2023\/11\/logoen-blanco-1536x125.png 1536w, https:\/\/centinela.com.uy\/wp-content\/uploads\/2023\/11\/logoen-blanco-1000x81.png 1000w, https:\/\/centinela.com.uy\/wp-content\/uploads\/2023\/11\/logoen-blanco-230x19.png 230w, https:\/\/centinela.com.uy\/wp-content\/uploads\/2023\/11\/logoen-blanco-350x28.png 350w, https:\/\/centinela.com.uy\/wp-content\/uploads\/2023\/11\/logoen-blanco-480x39.png 480w\" sizes=\"(max-width: 1920px) 100vw, 1920px\" \/>\t\t\t\t\t\t\t\t\t\t\t\t\t\t\t<\/div>\n\t\t\t\t<\/div>\n\t\t\t\t\t<\/div>\n\t\t\t\t<\/div>\n\t\t<div class=\"elementor-element elementor-element-35c49fb e-flex e-con-boxed e-con e-parent\" data-id=\"35c49fb\" data-element_type=\"container\" data-settings=\"{&quot;content_width&quot;:&quot;boxed&quot;}\" data-core-v316-plus=\"true\">\n\t\t\t\t\t<div class=\"e-con-inner\">\n\t\t\t\t<div class=\"elementor-element elementor-element-a479a4a elementor-widget elementor-widget-heading\" data-id=\"a479a4a\" data-element_type=\"widget\" data-widget_type=\"heading.default\">\n\t\t\t\t<div class=\"elementor-widget-container\">\n\t\t\t<h2 class=\"elementor-heading-title elementor-size-default\">Tecnolog\u00eda Avanzada<\/h2>\t\t<\/div>\n\t\t\t\t<\/div>\n\t\t\t\t\t<\/div>\n\t\t\t\t<\/div>\n\t\t<div class=\"elementor-element elementor-element-f6dd187 e-flex e-con-boxed e-con e-parent\" data-id=\"f6dd187\" data-element_type=\"container\" data-settings=\"{&quot;content_width&quot;:&quot;boxed&quot;}\" data-core-v316-plus=\"true\">\n\t\t\t\t\t<div class=\"e-con-inner\">\n\t\t<div class=\"elementor-element elementor-element-bdb904c e-con-full e-flex e-con e-child\" data-id=\"bdb904c\" data-element_type=\"container\" data-settings=\"{&quot;content_width&quot;:&quot;full&quot;}\">\n\t\t\t\t<div class=\"elementor-element elementor-element-8de5445 elementor-widget elementor-widget-text-editor\" data-id=\"8de5445\" data-element_type=\"widget\" data-widget_type=\"text-editor.default\">\n\t\t\t\t<div class=\"elementor-widget-container\">\n\t\t\t<style>\/*! elementor - v3.18.0 - 20-12-2023 *\/\n.elementor-widget-text-editor.elementor-drop-cap-view-stacked .elementor-drop-cap{background-color:#69727d;color:#fff}.elementor-widget-text-editor.elementor-drop-cap-view-framed .elementor-drop-cap{color:#69727d;border:3px solid;background-color:transparent}.elementor-widget-text-editor:not(.elementor-drop-cap-view-default) .elementor-drop-cap{margin-top:8px}.elementor-widget-text-editor:not(.elementor-drop-cap-view-default) .elementor-drop-cap-letter{width:1em;height:1em}.elementor-widget-text-editor .elementor-drop-cap{float:left;text-align:center;line-height:1;font-size:50px}.elementor-widget-text-editor .elementor-drop-cap-letter{display:inline-block}<\/style>\t\t\t\t<p>Tecnolog\u00eda de vigilancia visual que combina los beneficios anal\u00f3gicos de los tradicionales<br \/>Emitiendo la supervisi\u00f3n local y\/o remota de im\u00e1genes y audio as\u00ed como el tratamiento digital de las im\u00e1genes, para aplicaciones como el reconocimiento de matr\u00edculas o reconocimiento facial, entre otras.<\/p>\t\t\t\t\t\t<\/div>\n\t\t\t\t<\/div>\n\t\t\t\t<\/div>\n\t\t<div class=\"elementor-element elementor-element-2ec754c e-con-full e-flex e-con e-child\" data-id=\"2ec754c\" data-element_type=\"container\" data-settings=\"{&quot;content_width&quot;:&quot;full&quot;}\">\n\t\t\t\t<div class=\"elementor-element elementor-element-ebbaad7 elementor-widget elementor-widget-image\" data-id=\"ebbaad7\" data-element_type=\"widget\" data-widget_type=\"image.default\">\n\t\t\t\t<div class=\"elementor-widget-container\">\n\t\t\t\t\t\t\t\t\t\t\t\t\t\t\t<img decoding=\"async\" width=\"300\" height=\"300\" src=\"https:\/\/centinela.com.uy\/wp-content\/uploads\/2023\/10\/CAMARA-300x300.png\" class=\"attachment-medium size-medium wp-image-1177\" alt=\"\" srcset=\"https:\/\/centinela.com.uy\/wp-content\/uploads\/2023\/10\/CAMARA-300x300.png 300w, https:\/\/centinela.com.uy\/wp-content\/uploads\/2023\/10\/CAMARA-150x150.png 150w, https:\/\/centinela.com.uy\/wp-content\/uploads\/2023\/10\/CAMARA-768x768.png 768w, https:\/\/centinela.com.uy\/wp-content\/uploads\/2023\/10\/CAMARA-230x230.png 230w, https:\/\/centinela.com.uy\/wp-content\/uploads\/2023\/10\/CAMARA-350x350.png 350w, https:\/\/centinela.com.uy\/wp-content\/uploads\/2023\/10\/CAMARA-480x480.png 480w, https:\/\/centinela.com.uy\/wp-content\/uploads\/2023\/10\/CAMARA.png 800w\" sizes=\"(max-width: 300px) 100vw, 300px\" \/>\t\t\t\t\t\t\t\t\t\t\t\t\t\t\t<\/div>\n\t\t\t\t<\/div>\n\t\t\t\t<\/div>\n\t\t\t\t\t<\/div>\n\t\t\t\t<\/div>\n\t\t\t\t\t\t\t<\/div>\n\t\t","protected":false},"excerpt":{"rendered":"<p>C\u00c1MARAS DE SEGURIDAD Tecnolog\u00eda Avanzada Tecnolog\u00eda de vigilancia visual que combina los beneficios anal\u00f3gicos de los tradicionales Emitiendo la supervisi\u00f3n local y\/o [&hellip;]<\/p>\n","protected":false},"author":2,"featured_media":0,"parent":0,"menu_order":0,"comment_status":"closed","ping_status":"closed","template":"","meta":{"_monsterinsights_skip_tracking":false,"_monsterinsights_sitenote_active":false,"_monsterinsights_sitenote_note":"","_monsterinsights_sitenote_category":0,"footnotes":"","_joinchat":[]},"aioseo_notices":[],"_links":{"self":[{"href":"https:\/\/centinela.com.uy\/index.php?rest_route=\/wp\/v2\/pages\/386"}],"collection":[{"href":"https:\/\/centinela.com.uy\/index.php?rest_route=\/wp\/v2\/pages"}],"about":[{"href":"https:\/\/centinela.com.uy\/index.php?rest_route=\/wp\/v2\/types\/page"}],"author":[{"embeddable":true,"href":"https:\/\/centinela.com.uy\/index.php?rest_route=\/wp\/v2\/users\/2"}],"replies":[{"embeddable":true,"href":"https:\/\/centinela.com.uy\/index.php?rest_route=%2Fwp%2Fv2%2Fcomments&post=386"}],"version-history":[{"count":55,"href":"https:\/\/centinela.com.uy\/index.php?rest_route=\/wp\/v2\/pages\/386\/revisions"}],"predecessor-version":[{"id":3425,"href":"https:\/\/centinela.com.uy\/index.php?rest_route=\/wp\/v2\/pages\/386\/revisions\/3425"}],"wp:attachment":[{"href":"https:\/\/centinela.com.uy\/index.php?rest_route=%2Fwp%2Fv2%2Fmedia&parent=386"}],"curies":[{"name":"wp","href":"https:\/\/api.w.org\/{rel}","templated":true}]}}